{"id":201,"date":"2014-08-12T21:19:21","date_gmt":"2014-08-12T19:19:21","guid":{"rendered":"http:\/\/isaw.net.gr\/b\/?page_id=201"},"modified":"2015-07-06T11:18:16","modified_gmt":"2015-07-06T09:18:16","slug":"about","status":"publish","type":"page","link":"https:\/\/iconicvillaskefalonia.gr\/fr\/about\/","title":{"rendered":"S\u00e9jour"},"content":{"rendered":"<p><\/p>\n<div align=\"center\">\n<div class=\"testimonial-wrap\">\n<div class=\"testimonial-inner\">\n<blockquote>\n<p>\t\t\t\t\t\t\t<i class=\"fa fa-quote-left\"><\/i><\/p>\n<p>Villa Rosa et Villa Vada sont deux villas excellentes \u00e0 Kefalonia, pour les visiteurs les plus exigeants qui recherchent l\u2019\u00e9l\u00e9gance et le confort dans un milieu naturel formidable.<\/p>\n<p>\t\t\t\t\t\t\t<cite>about<\/cite>\n\t\t\t\t\t\t<\/p>\n<\/blockquote>\n<\/div>\n<\/div>\n<p>Ces habitations disposent une architecture impeccable et des installations luxueuses dans une ambiance vraiment compl\u00e8te pour avoir un s\u00e9jour relaxant, en combinant les conforts domestiques avec le mode de vie d\u2019une villa de luxe.<br \/>\nChaque villa peut accueillir jusqu\u2019\u00e0 6 personnes, divis\u00e9e en deux \u00e9tapes et d\u00e9cor\u00e9e uniquement afin d\u2019offrir le confort absolu. Alternativement, de grandes familles peuvent loger aux deux villas.<\/p>\n<p>Nich\u00e9es au sommet d\u2019une colline, ces villas de luxe offrent de l\u2019isolement absolu et une ambiance paisible, situ\u00e9es id\u00e9alement \u00e0 proximit\u00e9 de la plage unique appel\u00e9e Myrtos et de plusieurs autres curiosit\u00e9s remarquables de Kefalonia.<\/p>\n<p>Profitez-vous de nos services et vivez une exp\u00e9rience authentique plong\u00e9e dans la culture c\u00e9phalonienne en jouissant des choix gastronomiques priv\u00e9s pleins de go\u00fbts et de parfums des produits locaux.\n<\/p>\n<\/div>\n<p><\/p>","protected":false},"excerpt":{"rendered":"<p>Villa Rosa et Villa Vada sont deux villas excellentes \u00e0 Kefalonia, pour les visiteurs les plus exigeants qui recherchent l\u2019\u00e9l\u00e9gance et le confort dans un milieu naturel formidable. about Ces habitations disposent une architecture impeccable et des installations luxueuses dans une ambiance vraiment compl\u00e8te pour avoir un s\u00e9jour relaxant, en[&#8230;]<\/p>\n","protected":false},"author":2,"featured_media":0,"parent":0,"menu_order":0,"comment_status":"open","ping_status":"open","template":"template-fullwidth.php","meta":{"footnotes":""},"class_list":["post-201","page","type-page","status-publish","hentry"],"_links":{"self":[{"href":"https:\/\/iconicvillaskefalonia.gr\/fr\/wp-json\/wp\/v2\/pages\/201","targetHints":{"allow":["GET"]}}],"collection":[{"href":"https:\/\/iconicvillaskefalonia.gr\/fr\/wp-json\/wp\/v2\/pages"}],"about":[{"href":"https:\/\/iconicvillaskefalonia.gr\/fr\/wp-json\/wp\/v2\/types\/page"}],"author":[{"embeddable":true,"href":"https:\/\/iconicvillaskefalonia.gr\/fr\/wp-json\/wp\/v2\/users\/2"}],"replies":[{"embeddable":true,"href":"https:\/\/iconicvillaskefalonia.gr\/fr\/wp-json\/wp\/v2\/comments?post=201"}],"version-history":[{"count":0,"href":"https:\/\/iconicvillaskefalonia.gr\/fr\/wp-json\/wp\/v2\/pages\/201\/revisions"}],"wp:attachment":[{"href":"https:\/\/iconicvillaskefalonia.gr\/fr\/wp-json\/wp\/v2\/media?parent=201"}],"curies":[{"name":"wp","href":"https:\/\/api.w.org\/{rel}","templated":true}]}}